{"id":97,"date":"2012-11-19T15:17:38","date_gmt":"2012-11-19T15:17:38","guid":{"rendered":"http:\/\/www.themes.red-sun-design.com\/lemonchili\/?page_id=97"},"modified":"2022-02-12T18:51:25","modified_gmt":"2022-02-12T17:51:25","slug":"home","status":"publish","type":"page","link":"https:\/\/www.la-bastidie.fr\/en\/","title":{"rendered":"Home"},"content":{"rendered":"<p><\/p>\n<h3 style=\"text-align: left;\"><span style=\"color: #000000;\">Restaurant and Charming hotel * * * \u00a0situated to Noailhac \u00a0on the road of Brive just a step from Collonges-La-Rouge, Turenne and Curemonte \u00a0(classified among the most beautiful villages of France).<\/span><\/h3>\n<p><\/p>","protected":false},"excerpt":{"rendered":"<p>Restaurant and Charming hotel * * * \u00a0situated to Noailhac \u00a0on the road of Brive just a step from Collonges-La-Rouge, Turenne and Curemonte \u00a0(classified among the most beautiful villages of&#8230;<\/p>\n","protected":false},"author":1,"featured_media":0,"parent":0,"menu_order":0,"comment_status":"open","ping_status":"open","template":"template-home.php","meta":{"footnotes":""},"class_list":["post-97","page","type-page","status-publish","hentry"],"yoast_head":"<!-- This site is optimized with the Yoast SEO plugin v27.4 - https:\/\/yoast.com\/product\/yoast-seo-wordpress\/ -->\n<title>H\u00f4tel, restaurant \u00e0 Noailhac Corr\u00e8ze - la bastidie<\/title>\n<meta name=\"robots\" content=\"index, follow, max-snippet:-1, max-image-preview:large, max-video-preview:-1\" \/>\n<link rel=\"canonical\" href=\"https:\/\/www.la-bastidie.fr\/en\/\" \/>\n<meta property=\"og:locale\" content=\"en_US\" \/>\n<meta property=\"og:type\" content=\"article\" \/>\n<meta property=\"og:title\" content=\"H\u00f4tel, restaurant \u00e0 Noailhac Corr\u00e8ze - la bastidie\" \/>\n<meta property=\"og:description\" content=\"Restaurant and Charming hotel * * * \u00a0situated to Noailhac \u00a0on the road of Brive just a step from Collonges-La-Rouge, Turenne and Curemonte \u00a0(classified among the most beautiful villages of...\" \/>\n<meta property=\"og:url\" content=\"https:\/\/www.la-bastidie.fr\/en\/\" \/>\n<meta property=\"og:site_name\" content=\"H\u00f4tel Restaurant - La bastidie\" \/>\n<meta property=\"article:modified_time\" content=\"2022-02-12T17:51:25+00:00\" \/>\n<meta name=\"twitter:card\" content=\"summary_large_image\" \/>\n<script type=\"application\/ld+json\" class=\"yoast-schema-graph\">{\"@context\":\"https:\\\/\\\/schema.org\",\"@graph\":[{\"@type\":\"WebPage\",\"@id\":\"https:\\\/\\\/www.la-bastidie.fr\\\/en\\\/\",\"url\":\"https:\\\/\\\/www.la-bastidie.fr\\\/en\\\/\",\"name\":\"H\u00f4tel, restaurant \u00e0 Noailhac Corr\u00e8ze - la bastidie\",\"isPartOf\":{\"@id\":\"https:\\\/\\\/www.la-bastidie.fr\\\/en\\\/#website\"},\"datePublished\":\"2012-11-19T15:17:38+00:00\",\"dateModified\":\"2022-02-12T17:51:25+00:00\",\"breadcrumb\":{\"@id\":\"https:\\\/\\\/www.la-bastidie.fr\\\/en\\\/#breadcrumb\"},\"inLanguage\":\"en-US\",\"potentialAction\":[{\"@type\":\"ReadAction\",\"target\":[[\"https:\\\/\\\/www.la-bastidie.fr\\\/en\\\/\"]]}]},{\"@type\":\"BreadcrumbList\",\"@id\":\"https:\\\/\\\/www.la-bastidie.fr\\\/en\\\/#breadcrumb\",\"itemListElement\":[{\"@type\":\"ListItem\",\"position\":1,\"name\":\"Accueil\",\"item\":\"https:\\\/\\\/www.la-bastidie.fr\\\/en\\\/\"},{\"@type\":\"ListItem\",\"position\":2,\"name\":\"Accueil\"}]},{\"@type\":\"WebSite\",\"@id\":\"https:\\\/\\\/www.la-bastidie.fr\\\/en\\\/#website\",\"url\":\"https:\\\/\\\/www.la-bastidie.fr\\\/en\\\/\",\"name\":\"H\u00f4tel Restaurant - La bastidie\",\"description\":\"\",\"potentialAction\":[{\"@type\":\"SearchAction\",\"target\":{\"@type\":\"EntryPoint\",\"urlTemplate\":\"https:\\\/\\\/www.la-bastidie.fr\\\/en\\\/?s={search_term_string}\"},\"query-input\":{\"@type\":\"PropertyValueSpecification\",\"valueRequired\":true,\"valueName\":\"search_term_string\"}}],\"inLanguage\":\"en-US\"}]}<\/script>\n<!-- \/ Yoast SEO plugin. -->","yoast_head_json":{"title":"H\u00f4tel, restaurant \u00e0 Noailhac Corr\u00e8ze - la bastidie","robots":{"index":"index","follow":"follow","max-snippet":"max-snippet:-1","max-image-preview":"max-image-preview:large","max-video-preview":"max-video-preview:-1"},"canonical":"https:\/\/www.la-bastidie.fr\/en\/","og_locale":"en_US","og_type":"article","og_title":"H\u00f4tel, restaurant \u00e0 Noailhac Corr\u00e8ze - la bastidie","og_description":"Restaurant and Charming hotel * * * \u00a0situated to Noailhac \u00a0on the road of Brive just a step from Collonges-La-Rouge, Turenne and Curemonte \u00a0(classified among the most beautiful villages of...","og_url":"https:\/\/www.la-bastidie.fr\/en\/","og_site_name":"H\u00f4tel Restaurant - La bastidie","article_modified_time":"2022-02-12T17:51:25+00:00","twitter_card":"summary_large_image","schema":{"@context":"https:\/\/schema.org","@graph":[{"@type":"WebPage","@id":"https:\/\/www.la-bastidie.fr\/en\/","url":"https:\/\/www.la-bastidie.fr\/en\/","name":"H\u00f4tel, restaurant \u00e0 Noailhac Corr\u00e8ze - la bastidie","isPartOf":{"@id":"https:\/\/www.la-bastidie.fr\/en\/#website"},"datePublished":"2012-11-19T15:17:38+00:00","dateModified":"2022-02-12T17:51:25+00:00","breadcrumb":{"@id":"https:\/\/www.la-bastidie.fr\/en\/#breadcrumb"},"inLanguage":"en-US","potentialAction":[{"@type":"ReadAction","target":[["https:\/\/www.la-bastidie.fr\/en\/"]]}]},{"@type":"BreadcrumbList","@id":"https:\/\/www.la-bastidie.fr\/en\/#breadcrumb","itemListElement":[{"@type":"ListItem","position":1,"name":"Accueil","item":"https:\/\/www.la-bastidie.fr\/en\/"},{"@type":"ListItem","position":2,"name":"Accueil"}]},{"@type":"WebSite","@id":"https:\/\/www.la-bastidie.fr\/en\/#website","url":"https:\/\/www.la-bastidie.fr\/en\/","name":"H\u00f4tel Restaurant - La bastidie","description":"","potentialAction":[{"@type":"SearchAction","target":{"@type":"EntryPoint","urlTemplate":"https:\/\/www.la-bastidie.fr\/en\/?s={search_term_string}"},"query-input":{"@type":"PropertyValueSpecification","valueRequired":true,"valueName":"search_term_string"}}],"inLanguage":"en-US"}]}},"_links":{"self":[{"href":"https:\/\/www.la-bastidie.fr\/en\/wp-json\/wp\/v2\/pages\/97","targetHints":{"allow":["GET"]}}],"collection":[{"href":"https:\/\/www.la-bastidie.fr\/en\/wp-json\/wp\/v2\/pages"}],"about":[{"href":"https:\/\/www.la-bastidie.fr\/en\/wp-json\/wp\/v2\/types\/page"}],"author":[{"embeddable":true,"href":"https:\/\/www.la-bastidie.fr\/en\/wp-json\/wp\/v2\/users\/1"}],"replies":[{"embeddable":true,"href":"https:\/\/www.la-bastidie.fr\/en\/wp-json\/wp\/v2\/comments?post=97"}],"version-history":[{"count":0,"href":"https:\/\/www.la-bastidie.fr\/en\/wp-json\/wp\/v2\/pages\/97\/revisions"}],"wp:attachment":[{"href":"https:\/\/www.la-bastidie.fr\/en\/wp-json\/wp\/v2\/media?parent=97"}],"curies":[{"name":"wp","href":"https:\/\/api.w.org\/{rel}","templated":true}]}}