{"id":2507,"date":"2014-06-01T21:26:43","date_gmt":"2014-06-01T20:26:43","guid":{"rendered":"https:\/\/www.la-bastidie.fr\/?page_id=2507"},"modified":"2022-02-14T18:38:25","modified_gmt":"2022-02-14T17:38:25","slug":"surnom-de-la-chambre-2","status":"publish","type":"page","link":"https:\/\/www.la-bastidie.fr\/en\/notre-hotel\/surnom-de-la-chambre-2\/","title":{"rendered":"Room Travel memory  &#8211; G\u00e4stezimmer &#8220;Souvenir de voyages&#8221;"},"content":{"rendered":"<p><div id=\"metaslider-id-2579\" style=\"width: 100%;\" class=\"ml-slider-3-108-0 metaslider metaslider-flex metaslider-2579 ml-slider has-carousel-mode ms-theme-default nav-hidden nav-hidden\" role=\"region\" aria-label=\"Chambre  SOUVENIR DE VOYAGES\" data-height=\"300\" data-width=\"700\">\n    <div id=\"metaslider_container_2579\">\n        <div id=\"metaslider_2579\">\n            <ul class='slides'>\n                <li style=\"display: none; width: 100%;\" class=\"slide-2750 ms-image \" aria-roledescription=\"slide\" data-date=\"2014-07-09 20:43:46\" data-filename=\"P1090674-e1404935793628-700x300.jpg\" data-slide-type=\"image\"><img loading=\"lazy\" decoding=\"async\" src=\"https:\/\/www.la-bastidie.fr\/wp-content\/uploads\/2014\/07\/P1090674-e1404935793628-700x300.jpg\" height=\"300\" width=\"700\" alt=\"\" class=\"slider-2579 slide-2750 msDefaultImage\" \/><div class=\"caption-wrap\"><div class=\"caption\">entr\u00e9e  CHAMBRE\n SOUVENIR DE VOYAGES<\/div><\/div><\/li>\n                <li style=\"display: none; width: 100%;\" class=\"slide-2751 ms-image \" aria-roledescription=\"slide\" data-date=\"2014-07-09 20:44:24\" data-filename=\"P1090697-e1404935805222-700x300.jpg\" data-slide-type=\"image\"><img loading=\"lazy\" decoding=\"async\" src=\"https:\/\/www.la-bastidie.fr\/wp-content\/uploads\/2014\/07\/P1090697-e1404935805222-700x300.jpg\" height=\"300\" width=\"700\" alt=\"\" class=\"slider-2579 slide-2751 msDefaultImage\" \/><div class=\"caption-wrap\"><div class=\"caption\">Salle de bain  CHAMBRE\n SOUVENIR DE VOYAGES<\/div><\/div><\/li>\n                <li style=\"display: none; width: 100%;\" class=\"slide-2752 ms-image \" aria-roledescription=\"slide\" data-date=\"2014-07-09 20:44:51\" data-filename=\"P1090701-e1404935815568-700x300.jpg\" data-slide-type=\"image\"><img loading=\"lazy\" decoding=\"async\" src=\"https:\/\/www.la-bastidie.fr\/wp-content\/uploads\/2014\/07\/P1090701-e1404935815568-700x300.jpg\" height=\"300\" width=\"700\" alt=\"\" class=\"slider-2579 slide-2752 msDefaultImage\" \/><div class=\"caption-wrap\"><div class=\"caption\"> CHAMBRE\n SOUVENIR DE VOYAGES\n<\/div><\/div><\/li>\n                <li style=\"display: none; width: 100%;\" class=\"slide-2753 ms-image \" aria-roledescription=\"slide\" data-date=\"2014-07-09 20:45:27\" data-filename=\"P1090703-e1404935826699-700x300.jpg\" data-slide-type=\"image\"><img loading=\"lazy\" decoding=\"async\" src=\"https:\/\/www.la-bastidie.fr\/wp-content\/uploads\/2014\/07\/P1090703-e1404935826699-700x300.jpg\" height=\"300\" width=\"700\" alt=\"\" class=\"slider-2579 slide-2753 msDefaultImage\" \/><div class=\"caption-wrap\"><div class=\"caption\"> CHAMBRE\n SOUVENIR DE VOYAGES\n<\/div><\/div><\/li>\n                <li style=\"display: none; width: 100%;\" class=\"slide-2754 ms-image \" aria-roledescription=\"slide\" data-date=\"2014-07-09 20:46:10\" data-filename=\"P1090713-e1404935837556-700x300.jpg\" data-slide-type=\"image\"><img loading=\"lazy\" decoding=\"async\" src=\"https:\/\/www.la-bastidie.fr\/wp-content\/uploads\/2014\/07\/P1090713-e1404935837556-700x300.jpg\" height=\"300\" width=\"700\" alt=\"\" class=\"slider-2579 slide-2754 msDefaultImage\" \/><div class=\"caption-wrap\"><div class=\"caption\"> CHAMBRE\n SOUVENIR DE VOYAGES\n<\/div><\/div><\/li>\n                <li style=\"display: none; width: 100%;\" class=\"slide-2755 ms-image \" aria-roledescription=\"slide\" data-date=\"2014-07-09 20:46:26\" data-filename=\"P1090714-e1404935848567-700x300.jpg\" data-slide-type=\"image\"><img loading=\"lazy\" decoding=\"async\" src=\"https:\/\/www.la-bastidie.fr\/wp-content\/uploads\/2014\/07\/P1090714-e1404935848567-700x300.jpg\" height=\"300\" width=\"700\" alt=\"\" class=\"slider-2579 slide-2755 msDefaultImage\" \/><div class=\"caption-wrap\"><div class=\"caption\"> CHAMBRE\n SOUVENIR DE VOYAGES\n<\/div><\/div><\/li>\n                <li style=\"display: none; width: 100%;\" class=\"slide-2903 ms-image \" aria-roledescription=\"slide\" data-date=\"2014-07-20 22:48:36\" data-filename=\"P1090754-700x300.jpg\" data-slide-type=\"image\"><img loading=\"lazy\" decoding=\"async\" src=\"https:\/\/www.la-bastidie.fr\/wp-content\/uploads\/2014\/07\/P1090754-700x300.jpg\" height=\"300\" width=\"700\" alt=\"\" class=\"slider-2579 slide-2903 msDefaultImage\" \/><div class=\"caption-wrap\"><div class=\"caption\"> CHAMBRE\n SOUVENIR DE VOYAGES\n<\/div><\/div><\/li>\n                <li style=\"display: none; width: 100%;\" class=\"slide-2902 ms-image \" aria-roledescription=\"slide\" data-date=\"2014-07-20 22:48:31\" data-filename=\"P10907531-700x300.jpg\" data-slide-type=\"image\"><img loading=\"lazy\" decoding=\"async\" src=\"https:\/\/www.la-bastidie.fr\/wp-content\/uploads\/2014\/07\/P10907531-700x300.jpg\" height=\"300\" width=\"700\" alt=\"\" class=\"slider-2579 slide-2902 msDefaultImage\" \/><div class=\"caption-wrap\"><div class=\"caption\"> CHAMBRE\n SOUVENIR DE VOYAGES\n<\/div><\/div><\/li>\n                <li style=\"display: none; width: 100%;\" class=\"slide-2940 ms-image \" aria-roledescription=\"slide\" data-date=\"2014-08-03 22:42:15\" data-filename=\"P1090960-700x300.jpg\" data-slide-type=\"image\"><img loading=\"lazy\" decoding=\"async\" src=\"https:\/\/www.la-bastidie.fr\/wp-content\/uploads\/2014\/08\/P1090960-700x300.jpg\" height=\"300\" width=\"700\" alt=\"\" class=\"slider-2579 slide-2940 msDefaultImage\" \/><div class=\"caption-wrap\"><div class=\"caption\"> CHAMBRE\n SOUVENIR DE VOYAGES\n<\/div><\/div><\/li>\n                <li style=\"display: none; width: 100%;\" class=\"slide-2939 ms-image \" aria-roledescription=\"slide\" data-date=\"2014-08-03 22:41:41\" data-filename=\"P1090959-700x300.jpg\" data-slide-type=\"image\"><img loading=\"lazy\" decoding=\"async\" src=\"https:\/\/www.la-bastidie.fr\/wp-content\/uploads\/2014\/08\/P1090959-700x300.jpg\" height=\"300\" width=\"700\" alt=\"\" class=\"slider-2579 slide-2939 msDefaultImage\" \/><div class=\"caption-wrap\"><div class=\"caption\"> CHAMBRE\n SOUVENIR DE VOYAGES\n<\/div><\/div><\/li>\n                <li style=\"display: none; width: 100%;\" class=\"slide-2938 ms-image \" aria-roledescription=\"slide\" data-date=\"2014-08-03 22:41:22\" data-filename=\"P1090958-700x300.jpg\" data-slide-type=\"image\"><img loading=\"lazy\" decoding=\"async\" src=\"https:\/\/www.la-bastidie.fr\/wp-content\/uploads\/2014\/08\/P1090958-700x300.jpg\" height=\"300\" width=\"700\" alt=\"\" class=\"slider-2579 slide-2938 msDefaultImage\" \/><div class=\"caption-wrap\"><div class=\"caption\"> CHAMBRE\n SOUVENIR DE VOYAGES\n<\/div><\/div><\/li>\n                <li style=\"display: none; width: 100%;\" class=\"slide-2937 ms-image \" aria-roledescription=\"slide\" data-date=\"2014-08-03 22:41:15\" data-filename=\"P1090957-700x300.jpg\" data-slide-type=\"image\"><img loading=\"lazy\" decoding=\"async\" src=\"https:\/\/www.la-bastidie.fr\/wp-content\/uploads\/2014\/08\/P1090957-700x300.jpg\" height=\"300\" width=\"700\" alt=\"\" class=\"slider-2579 slide-2937 msDefaultImage\" \/><div class=\"caption-wrap\"><div class=\"caption\"> CHAMBRE\n SOUVENIR DE VOYAGES\n<\/div><\/div><\/li>\n                <li style=\"display: none; width: 100%;\" class=\"slide-2936 ms-image \" aria-roledescription=\"slide\" data-date=\"2014-08-03 22:41:09\" data-filename=\"P1090956-490x210.jpg\" data-slide-type=\"image\"><img loading=\"lazy\" decoding=\"async\" src=\"https:\/\/www.la-bastidie.fr\/wp-content\/uploads\/2014\/08\/P1090956-490x210.jpg\" height=\"300\" width=\"700\" alt=\"\" class=\"slider-2579 slide-2936 msDefaultImage\" \/><div class=\"caption-wrap\"><div class=\"caption\"> CHAMBRE\n SOUVENIR DE VOYAGES\n<\/div><\/div><\/li>\n                <li style=\"display: none; width: 100%;\" class=\"slide-2935 ms-image \" aria-roledescription=\"slide\" data-date=\"2014-08-03 22:40:56\" data-filename=\"P1090955-700x300.jpg\" data-slide-type=\"image\"><img loading=\"lazy\" decoding=\"async\" src=\"https:\/\/www.la-bastidie.fr\/wp-content\/uploads\/2014\/08\/P1090955-700x300.jpg\" height=\"300\" width=\"700\" alt=\"\" class=\"slider-2579 slide-2935 msDefaultImage\" \/><div class=\"caption-wrap\"><div class=\"caption\"> CHAMBRE\n SOUVENIR DE VOYAGES\nSalle de bain<\/div><\/div><\/li>\n                <li style=\"display: none; width: 100%;\" class=\"slide-2934 ms-image \" aria-roledescription=\"slide\" data-date=\"2014-08-03 22:39:55\" data-filename=\"P1090954-700x300.jpg\" data-slide-type=\"image\"><img loading=\"lazy\" decoding=\"async\" src=\"https:\/\/www.la-bastidie.fr\/wp-content\/uploads\/2014\/08\/P1090954-700x300.jpg\" height=\"300\" width=\"700\" alt=\"\" class=\"slider-2579 slide-2934 msDefaultImage\" \/><div class=\"caption-wrap\"><div class=\"caption\"> CHAMBRE\n SOUVENIR DE VOYAGES\n<\/div><\/div><\/li>\n                <li style=\"display: none; width: 100%;\" class=\"slide-2933 ms-image \" aria-roledescription=\"slide\" data-date=\"2014-08-03 22:39:25\" data-filename=\"P1090950-700x300.jpg\" data-slide-type=\"image\"><img loading=\"lazy\" decoding=\"async\" src=\"https:\/\/www.la-bastidie.fr\/wp-content\/uploads\/2014\/08\/P1090950-700x300.jpg\" height=\"300\" width=\"700\" alt=\"\" class=\"slider-2579 slide-2933 msDefaultImage\" \/><div class=\"caption-wrap\"><div class=\"caption\"> CHAMBRE\n SOUVENIR DE VOYAGES\nSalle de bain<\/div><\/div><\/li>\n                <li style=\"display: none; width: 100%;\" class=\"slide-2932 ms-image \" aria-roledescription=\"slide\" data-date=\"2014-08-03 22:38:57\" data-filename=\"P1090952-700x300.jpg\" data-slide-type=\"image\"><img loading=\"lazy\" decoding=\"async\" src=\"https:\/\/www.la-bastidie.fr\/wp-content\/uploads\/2014\/08\/P1090952-700x300.jpg\" height=\"300\" width=\"700\" alt=\"\" class=\"slider-2579 slide-2932 msDefaultImage\" \/><div class=\"caption-wrap\"><div class=\"caption\"> CHAMBRE\n SOUVENIR DE VOYAGES\nsalle de bain<\/div><\/div><\/li>\n                <li style=\"display: none; width: 100%;\" class=\"slide-2931 ms-image \" aria-roledescription=\"slide\" data-date=\"2014-08-03 22:38:01\" data-filename=\"P1090946-700x300.jpg\" data-slide-type=\"image\"><img loading=\"lazy\" decoding=\"async\" src=\"https:\/\/www.la-bastidie.fr\/wp-content\/uploads\/2014\/08\/P1090946-700x300.jpg\" height=\"300\" width=\"700\" alt=\"\" class=\"slider-2579 slide-2931 msDefaultImage\" \/><div class=\"caption-wrap\"><div class=\"caption\"> CHAMBRE\n SOUVENIR DE VOYAGES\n<\/div><\/div><\/li>\n                <li style=\"display: none; width: 100%;\" class=\"slide-2930 ms-image \" aria-roledescription=\"slide\" data-date=\"2014-08-03 22:37:46\" data-filename=\"P1090943-700x300.jpg\" data-slide-type=\"image\"><img loading=\"lazy\" decoding=\"async\" src=\"https:\/\/www.la-bastidie.fr\/wp-content\/uploads\/2014\/08\/P1090943-700x300.jpg\" height=\"300\" width=\"700\" alt=\"\" class=\"slider-2579 slide-2930 msDefaultImage\" \/><div class=\"caption-wrap\"><div class=\"caption\"> CHAMBRE\n SOUVENIR DE VOYAGES\n<\/div><\/div><\/li>\n                <li style=\"display: none; width: 100%;\" class=\"slide-3558 ms-image \" aria-roledescription=\"slide\" data-date=\"2015-02-23 20:50:49\" data-filename=\"NB-LaBastidie-260115-7--700x300.jpg\" data-slide-type=\"image\"><img loading=\"lazy\" decoding=\"async\" src=\"https:\/\/www.la-bastidie.fr\/wp-content\/uploads\/2015\/02\/NB-LaBastidie-260115-7--700x300.jpg\" height=\"300\" width=\"700\" alt=\"\" class=\"slider-2579 slide-3558 msDefaultImage\" \/><div class=\"caption-wrap\"><div class=\"caption\">photo: castan\u00e9a\/N.Barbarin<\/div><\/div><\/li>\n            <\/ul>\n        <\/div>\n        \n    <\/div>\n<\/div><\/p>\n<p><a href=\"https:\/\/www.la-bastidie.fr\/wp-content\/uploads\/2014\/07\/P1090714-e1404935848567.jpg\" class=\"pretty_image\" data-rel=\"prettyPhoto[2507]\"><img loading=\"lazy\" decoding=\"async\" class=\"alignnone size-thumbnail wp-image-2755\" src=\"https:\/\/www.la-bastidie.fr\/wp-content\/uploads\/2014\/07\/P1090714-150x150.jpg\" alt=\"P1090714\" width=\"150\" height=\"150\" \/><\/a>\u00a0\u00a0<a href=\"https:\/\/www.la-bastidie.fr\/wp-content\/uploads\/2014\/07\/P1090703-e1404935826699.jpg\" class=\"pretty_image\" data-rel=\"prettyPhoto[2507]\"><img loading=\"lazy\" decoding=\"async\" class=\"alignnone size-thumbnail wp-image-2753\" src=\"https:\/\/www.la-bastidie.fr\/wp-content\/uploads\/2014\/07\/P1090703-150x150.jpg\" alt=\"P1090703\" width=\"150\" height=\"150\" \/><\/a>\u00a0<a href=\"https:\/\/www.la-bastidie.fr\/wp-content\/uploads\/2014\/07\/P1090701-e1404935815568.jpg\" class=\"pretty_image\" data-rel=\"prettyPhoto[2507]\"><img loading=\"lazy\" decoding=\"async\" class=\"alignnone size-thumbnail wp-image-2752\" src=\"https:\/\/www.la-bastidie.fr\/wp-content\/uploads\/2014\/07\/P1090701-150x150.jpg\" alt=\"P1090701\" width=\"150\" height=\"150\" \/><\/a>\u00a0<a href=\"https:\/\/www.la-bastidie.fr\/wp-content\/uploads\/2014\/07\/P1090697-e1404935805222.jpg\" class=\"pretty_image\" data-rel=\"prettyPhoto[2507]\"><img loading=\"lazy\" decoding=\"async\" class=\"alignnone size-thumbnail wp-image-2751\" src=\"https:\/\/www.la-bastidie.fr\/wp-content\/uploads\/2014\/07\/P1090697-150x150.jpg\" alt=\"P1090697\" width=\"150\" height=\"150\" \/><\/a><\/p>\n<p><em><strong>It is equipped with a 160 x 200 bed, a flat screen satellite TV, a desk, telephone, free Wifi, and a private bathroom with a large Italian shower, hair dryer and bathrobe. Furthermore with the addition of a 110 X 180 bed it accommodate one child .\u00a0<\/strong><\/em><strong style=\"font-weight: bold !important;\"><em>It is air conditioned.\u00a0<\/em><\/strong><\/p>\n<p><em><strong>Accessible room with an elevator<\/strong><\/em><\/p>\n<h2 style=\"text-align: center;\"><span style=\"color: #ff0000;\"><span class=\"moretext\">Book this room<\/span><\/span><\/h2>\n<p>&nbsp;<\/p>\n<div id=\"ConstellationWidgetContainer20dcca56-0466-45ad-bc6d-b3b9441a1614\" style=\"width:100%\" title=\"La bastidie\" data-id-projet='20dcca56046645adbc6db3b9441a1614'>Loading&#8230;<\/div>\n<p> <script type=\"text\/javascript\" src=\"https:\/\/reservation.elloha.com\/Scripts\/widget-loader.min.js?v=35\"><\/script> <script type=\"text\/javascript\">var constellationWidgetUrl20dcca56046645adbc6db3b9441a1614, constellationTypeModule20dcca56046645adbc6db3b9441a1614; constellationWidgetUrl20dcca56046645adbc6db3b9441a1614 = 'https:\/\/reservation.elloha.com\/Widget\/BookingEngine\/20dcca56-0466-45ad-bc6d-b3b9441a1614?idoi=354a9831-bb42-4544-8c6f-cc0eea898680&culture=en-GB'; constellationTypeModule20dcca56046645adbc6db3b9441a1614=1; constellationWidgetLoad('ConstellationWidgetContainer20dcca56-0466-45ad-bc6d-b3b9441a1614'); constellationWidgetAddEvent(window, \"resize\", function () { constellationWidgetSetAppearance('ConstellationWidgetContainer20dcca56-0466-45ad-bc6d-b3b9441a1614'); });<\/script><\/p>\n<p><em><span style=\"color: #0000ff;\"><strong>Das G\u00e4stezimmer &#8220;Souvenir de voyages&#8221; ruft Erinnerungen an Reisen auf vier Kontinenten hervor. Es hat einen unabh\u00e4ngigen Eingang,<\/strong><\/span><\/em><\/p>\n<p><em><span style=\"color: #0000ff;\"><strong>Ausstattung: ein 160 x 200 m gro\u00dfes Bett, Satellit Fernsehen, gro\u00dfer flacher Bildschirm, Schreibtisch, Telefon, kostenloses WIFI, eigenes gro\u00dfes Badezimmer mit italienischer Dusche, F\u00f6n, Bademantel.<\/strong><\/span><\/em><\/p>\n<p><em><span style=\"color: #0000ff;\"><strong>Zus\u00e4tzliche Schlafgelegenheit f\u00fcr ein Kind auf dem Sofa (110 x 180 m).<\/strong><\/span><\/em><\/p>\n<p><em><span style=\"color: #0000ff;\"><strong>F\u00fcr Behinderte geeignet (Zugang dank Aufzug)<\/strong><\/span><\/em><\/p>\n<div id=\"ConstellationWidgetContainer2eb3ff4b-f101-404a-a96e-9737674fd14f\" style=\"width:100%\" title=\"La bastidie\" data-id-projet='2eb3ff4bf101404aa96e9737674fd14f'>Laden&#8230;<\/div>\n<p> <script type=\"text\/javascript\" src=\"https:\/\/reservation.elloha.com\/Scripts\/widget-loader.min.js?v=35\"><\/script> <script type=\"text\/javascript\">var constellationWidgetUrl2eb3ff4bf101404aa96e9737674fd14f, constellationTypeModule2eb3ff4bf101404aa96e9737674fd14f; constellationWidgetUrl2eb3ff4bf101404aa96e9737674fd14f = 'https:\/\/reservation.elloha.com\/Widget\/BookingEngine\/2eb3ff4b-f101-404a-a96e-9737674fd14f?idoi=354a9831-bb42-4544-8c6f-cc0eea898680&culture=de-DE'; constellationTypeModule2eb3ff4bf101404aa96e9737674fd14f=1; constellationWidgetLoad('ConstellationWidgetContainer2eb3ff4b-f101-404a-a96e-9737674fd14f'); constellationWidgetAddEvent(window, \"resize\", function () { constellationWidgetSetAppearance('ConstellationWidgetContainer2eb3ff4b-f101-404a-a96e-9737674fd14f'); });<\/script><\/p>","protected":false},"excerpt":{"rendered":"<p>\u00a0\u00a0\u00a0\u00a0 It is equipped with a 160 x 200 bed, a flat screen satellite TV, a desk, telephone, free Wifi, and a private bathroom with a large Italian shower, hair&#8230;<\/p>\n","protected":false},"author":1,"featured_media":0,"parent":2467,"menu_order":0,"comment_status":"closed","ping_status":"closed","template":"","meta":{"footnotes":""},"class_list":["post-2507","page","type-page","status-publish","hentry"],"yoast_head":"<!-- This site is optimized with the Yoast SEO plugin v27.4 - https:\/\/yoast.com\/product\/yoast-seo-wordpress\/ -->\n<title>Room Travel memory - G\u00e4stezimmer &quot;Souvenir de voyages&quot; - H\u00f4tel Restaurant - La bastidie<\/title>\n<meta name=\"robots\" content=\"index, follow, max-snippet:-1, max-image-preview:large, max-video-preview:-1\" \/>\n<link rel=\"canonical\" href=\"https:\/\/www.la-bastidie.fr\/en\/notre-hotel\/surnom-de-la-chambre-2\/\" \/>\n<meta property=\"og:locale\" content=\"en_US\" \/>\n<meta property=\"og:type\" content=\"article\" \/>\n<meta property=\"og:title\" content=\"Room Travel memory - G\u00e4stezimmer &quot;Souvenir de voyages&quot; - H\u00f4tel Restaurant - La bastidie\" \/>\n<meta property=\"og:description\" content=\"\u00a0\u00a0\u00a0\u00a0 It is equipped with a 160 x 200 bed, a flat screen satellite TV, a desk, telephone, free Wifi, and a private bathroom with a large Italian shower, hair...\" \/>\n<meta property=\"og:url\" content=\"https:\/\/www.la-bastidie.fr\/en\/notre-hotel\/surnom-de-la-chambre-2\/\" \/>\n<meta property=\"og:site_name\" content=\"H\u00f4tel Restaurant - La bastidie\" \/>\n<meta property=\"article:modified_time\" content=\"2022-02-14T17:38:25+00:00\" \/>\n<meta property=\"og:image\" content=\"https:\/\/www.la-bastidie.fr\/wp-content\/uploads\/2014\/07\/P1090714-150x150.jpg\" \/>\n<meta name=\"twitter:card\" content=\"summary_large_image\" \/>\n<meta name=\"twitter:label1\" content=\"Est. reading time\" \/>\n\t<meta name=\"twitter:data1\" content=\"1 minute\" \/>\n<script type=\"application\/ld+json\" class=\"yoast-schema-graph\">{\"@context\":\"https:\\\/\\\/schema.org\",\"@graph\":[{\"@type\":\"WebPage\",\"@id\":\"https:\\\/\\\/www.la-bastidie.fr\\\/en\\\/notre-hotel\\\/surnom-de-la-chambre-2\\\/\",\"url\":\"https:\\\/\\\/www.la-bastidie.fr\\\/en\\\/notre-hotel\\\/surnom-de-la-chambre-2\\\/\",\"name\":\"Room Travel memory - G\u00e4stezimmer \\\"Souvenir de voyages\\\" - H\u00f4tel Restaurant - La bastidie\",\"isPartOf\":{\"@id\":\"https:\\\/\\\/www.la-bastidie.fr\\\/en\\\/#website\"},\"primaryImageOfPage\":{\"@id\":\"https:\\\/\\\/www.la-bastidie.fr\\\/en\\\/notre-hotel\\\/surnom-de-la-chambre-2\\\/#primaryimage\"},\"image\":{\"@id\":\"https:\\\/\\\/www.la-bastidie.fr\\\/notre-hotel\\\/surnom-de-la-chambre-2\\\/#primaryimage\"},\"thumbnailUrl\":\"https:\\\/\\\/www.la-bastidie.fr\\\/wp-content\\\/uploads\\\/2014\\\/07\\\/P1090714-150x150.jpg\",\"datePublished\":\"2014-06-01T20:26:43+00:00\",\"dateModified\":\"2022-02-14T17:38:25+00:00\",\"breadcrumb\":{\"@id\":\"https:\\\/\\\/www.la-bastidie.fr\\\/en\\\/notre-hotel\\\/surnom-de-la-chambre-2\\\/#breadcrumb\"},\"inLanguage\":\"en-US\",\"potentialAction\":[{\"@type\":\"ReadAction\",\"target\":[[\"https:\\\/\\\/www.la-bastidie.fr\\\/en\\\/notre-hotel\\\/surnom-de-la-chambre-2\\\/\"]]}]},{\"@type\":\"ImageObject\",\"inLanguage\":\"en-US\",\"@id\":\"https:\\\/\\\/www.la-bastidie.fr\\\/en\\\/notre-hotel\\\/surnom-de-la-chambre-2\\\/#primaryimage\",\"url\":\"https:\\\/\\\/www.la-bastidie.fr\\\/wp-content\\\/uploads\\\/2014\\\/07\\\/P1090714-150x150.jpg\",\"contentUrl\":\"https:\\\/\\\/www.la-bastidie.fr\\\/wp-content\\\/uploads\\\/2014\\\/07\\\/P1090714-150x150.jpg\"},{\"@type\":\"BreadcrumbList\",\"@id\":\"https:\\\/\\\/www.la-bastidie.fr\\\/en\\\/notre-hotel\\\/surnom-de-la-chambre-2\\\/#breadcrumb\",\"itemListElement\":[{\"@type\":\"ListItem\",\"position\":1,\"name\":\"Accueil\",\"item\":\"https:\\\/\\\/www.la-bastidie.fr\\\/en\\\/\"},{\"@type\":\"ListItem\",\"position\":2,\"name\":\"Nos Chambres\",\"item\":\"https:\\\/\\\/www.la-bastidie.fr\\\/en\\\/notre-hotel\\\/\"},{\"@type\":\"ListItem\",\"position\":3,\"name\":\"Chambre Souvenir de Voyages\"}]},{\"@type\":\"WebSite\",\"@id\":\"https:\\\/\\\/www.la-bastidie.fr\\\/en\\\/#website\",\"url\":\"https:\\\/\\\/www.la-bastidie.fr\\\/en\\\/\",\"name\":\"H\u00f4tel Restaurant - La bastidie\",\"description\":\"\",\"potentialAction\":[{\"@type\":\"SearchAction\",\"target\":{\"@type\":\"EntryPoint\",\"urlTemplate\":\"https:\\\/\\\/www.la-bastidie.fr\\\/en\\\/?s={search_term_string}\"},\"query-input\":{\"@type\":\"PropertyValueSpecification\",\"valueRequired\":true,\"valueName\":\"search_term_string\"}}],\"inLanguage\":\"en-US\"}]}<\/script>\n<!-- \/ Yoast SEO plugin. -->","yoast_head_json":{"title":"Room Travel memory - G\u00e4stezimmer \"Souvenir de voyages\" - H\u00f4tel Restaurant - La bastidie","robots":{"index":"index","follow":"follow","max-snippet":"max-snippet:-1","max-image-preview":"max-image-preview:large","max-video-preview":"max-video-preview:-1"},"canonical":"https:\/\/www.la-bastidie.fr\/en\/notre-hotel\/surnom-de-la-chambre-2\/","og_locale":"en_US","og_type":"article","og_title":"Room Travel memory - G\u00e4stezimmer \"Souvenir de voyages\" - H\u00f4tel Restaurant - La bastidie","og_description":"\u00a0\u00a0\u00a0\u00a0 It is equipped with a 160 x 200 bed, a flat screen satellite TV, a desk, telephone, free Wifi, and a private bathroom with a large Italian shower, hair...","og_url":"https:\/\/www.la-bastidie.fr\/en\/notre-hotel\/surnom-de-la-chambre-2\/","og_site_name":"H\u00f4tel Restaurant - La bastidie","article_modified_time":"2022-02-14T17:38:25+00:00","og_image":[{"url":"https:\/\/www.la-bastidie.fr\/wp-content\/uploads\/2014\/07\/P1090714-150x150.jpg","type":"","width":"","height":""}],"twitter_card":"summary_large_image","twitter_misc":{"Est. reading time":"1 minute"},"schema":{"@context":"https:\/\/schema.org","@graph":[{"@type":"WebPage","@id":"https:\/\/www.la-bastidie.fr\/en\/notre-hotel\/surnom-de-la-chambre-2\/","url":"https:\/\/www.la-bastidie.fr\/en\/notre-hotel\/surnom-de-la-chambre-2\/","name":"Room Travel memory - G\u00e4stezimmer \"Souvenir de voyages\" - H\u00f4tel Restaurant - La bastidie","isPartOf":{"@id":"https:\/\/www.la-bastidie.fr\/en\/#website"},"primaryImageOfPage":{"@id":"https:\/\/www.la-bastidie.fr\/en\/notre-hotel\/surnom-de-la-chambre-2\/#primaryimage"},"image":{"@id":"https:\/\/www.la-bastidie.fr\/notre-hotel\/surnom-de-la-chambre-2\/#primaryimage"},"thumbnailUrl":"https:\/\/www.la-bastidie.fr\/wp-content\/uploads\/2014\/07\/P1090714-150x150.jpg","datePublished":"2014-06-01T20:26:43+00:00","dateModified":"2022-02-14T17:38:25+00:00","breadcrumb":{"@id":"https:\/\/www.la-bastidie.fr\/en\/notre-hotel\/surnom-de-la-chambre-2\/#breadcrumb"},"inLanguage":"en-US","potentialAction":[{"@type":"ReadAction","target":[["https:\/\/www.la-bastidie.fr\/en\/notre-hotel\/surnom-de-la-chambre-2\/"]]}]},{"@type":"ImageObject","inLanguage":"en-US","@id":"https:\/\/www.la-bastidie.fr\/en\/notre-hotel\/surnom-de-la-chambre-2\/#primaryimage","url":"https:\/\/www.la-bastidie.fr\/wp-content\/uploads\/2014\/07\/P1090714-150x150.jpg","contentUrl":"https:\/\/www.la-bastidie.fr\/wp-content\/uploads\/2014\/07\/P1090714-150x150.jpg"},{"@type":"BreadcrumbList","@id":"https:\/\/www.la-bastidie.fr\/en\/notre-hotel\/surnom-de-la-chambre-2\/#breadcrumb","itemListElement":[{"@type":"ListItem","position":1,"name":"Accueil","item":"https:\/\/www.la-bastidie.fr\/en\/"},{"@type":"ListItem","position":2,"name":"Nos Chambres","item":"https:\/\/www.la-bastidie.fr\/en\/notre-hotel\/"},{"@type":"ListItem","position":3,"name":"Chambre Souvenir de Voyages"}]},{"@type":"WebSite","@id":"https:\/\/www.la-bastidie.fr\/en\/#website","url":"https:\/\/www.la-bastidie.fr\/en\/","name":"H\u00f4tel Restaurant - La bastidie","description":"","potentialAction":[{"@type":"SearchAction","target":{"@type":"EntryPoint","urlTemplate":"https:\/\/www.la-bastidie.fr\/en\/?s={search_term_string}"},"query-input":{"@type":"PropertyValueSpecification","valueRequired":true,"valueName":"search_term_string"}}],"inLanguage":"en-US"}]}},"_links":{"self":[{"href":"https:\/\/www.la-bastidie.fr\/en\/wp-json\/wp\/v2\/pages\/2507","targetHints":{"allow":["GET"]}}],"collection":[{"href":"https:\/\/www.la-bastidie.fr\/en\/wp-json\/wp\/v2\/pages"}],"about":[{"href":"https:\/\/www.la-bastidie.fr\/en\/wp-json\/wp\/v2\/types\/page"}],"author":[{"embeddable":true,"href":"https:\/\/www.la-bastidie.fr\/en\/wp-json\/wp\/v2\/users\/1"}],"replies":[{"embeddable":true,"href":"https:\/\/www.la-bastidie.fr\/en\/wp-json\/wp\/v2\/comments?post=2507"}],"version-history":[{"count":0,"href":"https:\/\/www.la-bastidie.fr\/en\/wp-json\/wp\/v2\/pages\/2507\/revisions"}],"up":[{"embeddable":true,"href":"https:\/\/www.la-bastidie.fr\/en\/wp-json\/wp\/v2\/pages\/2467"}],"wp:attachment":[{"href":"https:\/\/www.la-bastidie.fr\/en\/wp-json\/wp\/v2\/media?parent=2507"}],"curies":[{"name":"wp","href":"https:\/\/api.w.org\/{rel}","templated":true}]}}