{"id":2505,"date":"2014-06-01T21:26:28","date_gmt":"2014-06-01T20:26:28","guid":{"rendered":"https:\/\/www.la-bastidie.fr\/?page_id=2505"},"modified":"2018-03-06T22:08:52","modified_gmt":"2018-03-06T21:08:52","slug":"surnom-de-la-chambre-1","status":"publish","type":"page","link":"https:\/\/www.la-bastidie.fr\/en\/notre-hotel\/surnom-de-la-chambre-1\/","title":{"rendered":"Ad\u00e8le&#8217;s Room  &#8211; G\u00e4stezimmer &#8220;Ad\u00e8le&#8221;"},"content":{"rendered":"<p><div id=\"metaslider-id-2574\" style=\"width: 100%;\" class=\"ml-slider-3-108-0 metaslider metaslider-flex metaslider-2574 ml-slider has-carousel-mode ms-theme-default nav-hidden nav-hidden\" role=\"region\" aria-label=\"Chambre D\u2019ADELE\" data-height=\"300\" data-width=\"700\">\n    <div id=\"metaslider_container_2574\">\n        <div id=\"metaslider_2574\">\n            <ul class='slides'>\n                <li style=\"display: none; width: 100%;\" class=\"slide-2572 ms-image \" aria-roledescription=\"slide\" data-date=\"2014-06-29 10:55:54\" data-filename=\"P1090496-e1404035837753-700x300.jpg\" data-slide-type=\"image\"><img loading=\"lazy\" decoding=\"async\" src=\"https:\/\/www.la-bastidie.fr\/wp-content\/uploads\/2014\/06\/P1090496-e1404035837753-700x300.jpg\" height=\"300\" width=\"700\" alt=\"Salle de bain\" class=\"slider-2574 slide-2572 msDefaultImage\" title=\"Salle de bain\" \/><div class=\"caption-wrap\"><div class=\"caption\">Salle de bain  CHAMBRE D\u2019ADELE<\/div><\/div><\/li>\n                <li style=\"display: none; width: 100%;\" class=\"slide-2746 ms-image \" aria-roledescription=\"slide\" data-date=\"2014-07-09 20:38:32\" data-filename=\"P1090687-e1404934883708-647x277.jpg\" data-slide-type=\"image\"><img loading=\"lazy\" decoding=\"async\" src=\"https:\/\/www.la-bastidie.fr\/wp-content\/uploads\/2014\/07\/P1090687-e1404934883708-647x277.jpg\" height=\"300\" width=\"700\" alt=\"\" class=\"slider-2574 slide-2746 msDefaultImage\" \/><div class=\"caption-wrap\"><div class=\"caption\">Salle de bain  CHAMBRE D\u2019ADELE<\/div><\/div><\/li>\n                <li style=\"display: none; width: 100%;\" class=\"slide-2747 ms-image \" aria-roledescription=\"slide\" data-date=\"2014-07-09 20:39:09\" data-filename=\"P1090688-e1404934904134-700x300.jpg\" data-slide-type=\"image\"><img loading=\"lazy\" decoding=\"async\" src=\"https:\/\/www.la-bastidie.fr\/wp-content\/uploads\/2014\/07\/P1090688-e1404934904134-700x300.jpg\" height=\"300\" width=\"700\" alt=\"\" class=\"slider-2574 slide-2747 msDefaultImage\" \/><div class=\"caption-wrap\"><div class=\"caption\">Salle de bain    CHAMBRE D\u2019ADELE<\/div><\/div><\/li>\n                <li style=\"display: none; width: 100%;\" class=\"slide-2748 ms-image \" aria-roledescription=\"slide\" data-date=\"2014-07-09 20:39:48\" data-filename=\"P1090689-e1404934917952-700x300.jpg\" data-slide-type=\"image\"><img loading=\"lazy\" decoding=\"async\" src=\"https:\/\/www.la-bastidie.fr\/wp-content\/uploads\/2014\/07\/P1090689-e1404934917952-700x300.jpg\" height=\"300\" width=\"700\" alt=\"\" class=\"slider-2574 slide-2748 msDefaultImage\" \/><div class=\"caption-wrap\"><div class=\"caption\">bureau  CHAMBRE D\u2019ADELE<\/div><\/div><\/li>\n                <li style=\"display: none; width: 100%;\" class=\"slide-2749 ms-image \" aria-roledescription=\"slide\" data-date=\"2014-07-09 20:40:16\" data-filename=\"P1090690-e1404934929111-700x300.jpg\" data-slide-type=\"image\"><img loading=\"lazy\" decoding=\"async\" src=\"https:\/\/www.la-bastidie.fr\/wp-content\/uploads\/2014\/07\/P1090690-e1404934929111-700x300.jpg\" height=\"300\" width=\"700\" alt=\"\" class=\"slider-2574 slide-2749 msDefaultImage\" \/><div class=\"caption-wrap\"><div class=\"caption\">entr\u00e8e   CHAMBRE D\u2019ADELE<\/div><\/div><\/li>\n                <li style=\"display: none; width: 100%;\" class=\"slide-2764 ms-image \" aria-roledescription=\"slide\" data-date=\"2014-07-09 21:04:01\" data-filename=\"P1090717-e1404936298673-700x300.jpg\" data-slide-type=\"image\"><img loading=\"lazy\" decoding=\"async\" src=\"https:\/\/www.la-bastidie.fr\/wp-content\/uploads\/2014\/07\/P1090717-e1404936298673-700x300.jpg\" height=\"300\" width=\"700\" alt=\"\" class=\"slider-2574 slide-2764 msDefaultImage\" \/><div class=\"caption-wrap\"><div class=\"caption\"> petit fen\u00eatre CHAMBRE D\u2019ADELE<\/div><\/div><\/li>\n                <li style=\"display: none; width: 100%;\" class=\"slide-2840 ms-image \" aria-roledescription=\"slide\" data-date=\"2014-07-19 18:13:36\" data-filename=\"P1090788-700x300.jpg\" data-slide-type=\"image\"><img loading=\"lazy\" decoding=\"async\" src=\"https:\/\/www.la-bastidie.fr\/wp-content\/uploads\/2014\/06\/P1090788-700x300.jpg\" height=\"300\" width=\"700\" alt=\"\" class=\"slider-2574 slide-2840 msDefaultImage\" \/><div class=\"caption-wrap\"><div class=\"caption\">Chambre d'Ad\u00e9le<\/div><\/div><\/li>\n                <li style=\"display: none; width: 100%;\" class=\"slide-2899 ms-image \" aria-roledescription=\"slide\" data-date=\"2014-07-20 22:35:47\" data-filename=\"P1090838-700x300.jpg\" data-slide-type=\"image\"><img loading=\"lazy\" decoding=\"async\" src=\"https:\/\/www.la-bastidie.fr\/wp-content\/uploads\/2014\/07\/P1090838-700x300.jpg\" height=\"300\" width=\"700\" alt=\"\" class=\"slider-2574 slide-2899 msDefaultImage\" \/><div class=\"caption-wrap\"><div class=\"caption\">CHAMBRE D\u2019ADELE<\/div><\/div><\/li>\n                <li style=\"display: none; width: 100%;\" class=\"slide-2897 ms-image \" aria-roledescription=\"slide\" data-date=\"2014-07-20 22:35:07\" data-filename=\"P1090835-700x300.jpg\" data-slide-type=\"image\"><img loading=\"lazy\" decoding=\"async\" src=\"https:\/\/www.la-bastidie.fr\/wp-content\/uploads\/2014\/07\/P1090835-700x300.jpg\" height=\"300\" width=\"700\" alt=\"\" class=\"slider-2574 slide-2897 msDefaultImage\" \/><div class=\"caption-wrap\"><div class=\"caption\"> exterieur CHAMBRE D\u2019ADELE<\/div><\/div><\/li>\n                <li style=\"display: none; width: 100%;\" class=\"slide-2896 ms-image \" aria-roledescription=\"slide\" data-date=\"2014-07-20 22:32:50\" data-filename=\"P1090834-700x300.jpg\" data-slide-type=\"image\"><img loading=\"lazy\" decoding=\"async\" src=\"https:\/\/www.la-bastidie.fr\/wp-content\/uploads\/2014\/07\/P1090834-700x300.jpg\" height=\"300\" width=\"700\" alt=\"\" class=\"slider-2574 slide-2896 msDefaultImage\" \/><div class=\"caption-wrap\"><div class=\"caption\"> bureau CHAMBRE D\u2019ADELE<\/div><\/div><\/li>\n                <li style=\"display: none; width: 100%;\" class=\"slide-2894 ms-image \" aria-roledescription=\"slide\" data-date=\"2014-07-20 22:31:27\" data-filename=\"P1090814-700x300.jpg\" data-slide-type=\"image\"><img loading=\"lazy\" decoding=\"async\" src=\"https:\/\/www.la-bastidie.fr\/wp-content\/uploads\/2014\/07\/P1090814-700x300.jpg\" height=\"300\" width=\"700\" alt=\"\" class=\"slider-2574 slide-2894 msDefaultImage\" \/><div class=\"caption-wrap\"><div class=\"caption\"> petit fen\u00eatre  exterieur CHAMBRE D\u2019ADELE<\/div><\/div><\/li>\n                <li style=\"display: none; width: 100%;\" class=\"slide-2898 ms-image \" aria-roledescription=\"slide\" data-date=\"2014-07-20 22:35:18\" data-filename=\"P1090836-700x300.jpg\" data-slide-type=\"image\"><img loading=\"lazy\" decoding=\"async\" src=\"https:\/\/www.la-bastidie.fr\/wp-content\/uploads\/2014\/07\/P1090836-700x300.jpg\" height=\"300\" width=\"700\" alt=\"\" class=\"slider-2574 slide-2898 msDefaultImage\" \/><div class=\"caption-wrap\"><div class=\"caption\"> entr\u00e9e salle de bain  CHAMBRE D\u2019ADELE<\/div><\/div><\/li>\n                <li style=\"display: none; width: 100%;\" class=\"slide-2900 ms-image \" aria-roledescription=\"slide\" data-date=\"2014-07-20 22:38:00\" data-filename=\"P1090849-700x300.jpg\" data-slide-type=\"image\"><img loading=\"lazy\" decoding=\"async\" src=\"https:\/\/www.la-bastidie.fr\/wp-content\/uploads\/2014\/07\/P1090849-700x300.jpg\" height=\"300\" width=\"700\" alt=\"\" class=\"slider-2574 slide-2900 msDefaultImage\" \/><div class=\"caption-wrap\"><div class=\"caption\"> vue porte CHAMBRE D\u2019ADELE<\/div><\/div><\/li>\n                <li style=\"display: none; width: 100%;\" class=\"slide-2947 ms-image \" aria-roledescription=\"slide\" data-date=\"2014-08-03 22:44:36\" data-filename=\"P1090979-562x241.jpg\" data-slide-type=\"image\"><img loading=\"lazy\" decoding=\"async\" src=\"https:\/\/www.la-bastidie.fr\/wp-content\/uploads\/2014\/08\/P1090979-562x241.jpg\" height=\"300\" width=\"700\" alt=\"\" class=\"slider-2574 slide-2947 msDefaultImage\" \/><div class=\"caption-wrap\"><div class=\"caption\">CHAMBRE D\u2019ADELE<\/div><\/div><\/li>\n                <li style=\"display: none; width: 100%;\" class=\"slide-2946 ms-image \" aria-roledescription=\"slide\" data-date=\"2014-08-03 22:44:25\" data-filename=\"P1090978-700x300.jpg\" data-slide-type=\"image\"><img loading=\"lazy\" decoding=\"async\" src=\"https:\/\/www.la-bastidie.fr\/wp-content\/uploads\/2014\/08\/P1090978-700x300.jpg\" height=\"300\" width=\"700\" alt=\"\" class=\"slider-2574 slide-2946 msDefaultImage\" \/><div class=\"caption-wrap\"><div class=\"caption\">CHAMBRE D\u2019ADELE<\/div><\/div><\/li>\n                <li style=\"display: none; width: 100%;\" class=\"slide-2945 ms-image \" aria-roledescription=\"slide\" data-date=\"2014-08-03 22:43:50\" data-filename=\"P1090975-700x300.jpg\" data-slide-type=\"image\"><img loading=\"lazy\" decoding=\"async\" src=\"https:\/\/www.la-bastidie.fr\/wp-content\/uploads\/2014\/08\/P1090975-700x300.jpg\" height=\"300\" width=\"700\" alt=\"\" class=\"slider-2574 slide-2945 msDefaultImage\" \/><div class=\"caption-wrap\"><div class=\"caption\">CHAMBRE D\u2019ADELE<\/div><\/div><\/li>\n                <li style=\"display: none; width: 100%;\" class=\"slide-2944 ms-image \" aria-roledescription=\"slide\" data-date=\"2014-08-03 22:43:33\" data-filename=\"P1090968-700x300.jpg\" data-slide-type=\"image\"><img loading=\"lazy\" decoding=\"async\" src=\"https:\/\/www.la-bastidie.fr\/wp-content\/uploads\/2014\/08\/P1090968-700x300.jpg\" height=\"300\" width=\"700\" alt=\"\" class=\"slider-2574 slide-2944 msDefaultImage\" \/><div class=\"caption-wrap\"><div class=\"caption\">CHAMBRE D\u2019ADELE salle de bain<\/div><\/div><\/li>\n                <li style=\"display: none; width: 100%;\" class=\"slide-2943 ms-image \" aria-roledescription=\"slide\" data-date=\"2014-08-03 22:43:07\" data-filename=\"P1090966-700x300.jpg\" data-slide-type=\"image\"><img loading=\"lazy\" decoding=\"async\" src=\"https:\/\/www.la-bastidie.fr\/wp-content\/uploads\/2014\/08\/P1090966-700x300.jpg\" height=\"300\" width=\"700\" alt=\"\" class=\"slider-2574 slide-2943 msDefaultImage\" \/><div class=\"caption-wrap\"><div class=\"caption\">CHAMBRE D\u2019ADELE salle de bain<\/div><\/div><\/li>\n                <li style=\"display: none; width: 100%;\" class=\"slide-2942 ms-image \" aria-roledescription=\"slide\" data-date=\"2014-08-03 22:42:55\" data-filename=\"P1090965-700x300.jpg\" data-slide-type=\"image\"><img loading=\"lazy\" decoding=\"async\" src=\"https:\/\/www.la-bastidie.fr\/wp-content\/uploads\/2014\/08\/P1090965-700x300.jpg\" height=\"300\" width=\"700\" alt=\"\" class=\"slider-2574 slide-2942 msDefaultImage\" \/><div class=\"caption-wrap\"><div class=\"caption\">CHAMBRE D\u2019ADELE<\/div><\/div><\/li>\n                <li style=\"display: none; width: 100%;\" class=\"slide-4224 ms-image \" aria-roledescription=\"slide\" data-date=\"2016-08-30 15:27:23\" data-filename=\"La-Bastidie-salle-de-bain-Chambre-DAd\u00e9le-001-700x300.jpg\" data-slide-type=\"image\"><img loading=\"lazy\" decoding=\"async\" src=\"https:\/\/www.la-bastidie.fr\/wp-content\/uploads\/2016\/08\/La-Bastidie-salle-de-bain-Chambre-DAd\u00e9le-001-700x300.jpg\" height=\"300\" width=\"700\" alt=\"\" class=\"slider-2574 slide-4224 msDefaultImage\" \/><div class=\"caption-wrap\"><div class=\"caption\">Salle de bain Chambre D'Ad\u00e8le<\/div><\/div><\/li>\n            <\/ul>\n        <\/div>\n        \n    <\/div>\n<\/div> <a href=\"https:\/\/www.la-bastidie.fr\/wp-content\/uploads\/2014\/08\/P1090965.jpg\" class=\"pretty_image\" data-rel=\"prettyPhoto[2505]\"><img loading=\"lazy\" decoding=\"async\" class=\" wp-image-2942\" src=\"https:\/\/www.la-bastidie.fr\/wp-content\/uploads\/2014\/08\/P1090965.jpg\" alt=\"CHAMBRE D\u2019ADELE\" width=\"261\" height=\"147\" \/><\/a>\u00a0<a href=\"https:\/\/www.la-bastidie.fr\/wp-content\/uploads\/2014\/08\/P1090964.jpg\" class=\"pretty_image\" data-rel=\"prettyPhoto[2505]\"><img loading=\"lazy\" decoding=\"async\" class=\"alignnone wp-image-2941\" src=\"https:\/\/www.la-bastidie.fr\/wp-content\/uploads\/2014\/08\/P1090964-300x169.jpg\" alt=\"P1090964\" width=\"257\" height=\"145\" srcset=\"https:\/\/www.la-bastidie.fr\/wp-content\/uploads\/2014\/08\/P1090964-300x169.jpg 300w, https:\/\/www.la-bastidie.fr\/wp-content\/uploads\/2014\/08\/P1090964.jpg 800w\" sizes=\"auto, (max-width: 257px) 100vw, 257px\" \/><\/a>\u00a0<a href=\"https:\/\/www.la-bastidie.fr\/wp-content\/uploads\/2016\/08\/La-Bastidie-salle-de-bain-Chambre-DAd\u00e9le-001.jpg\" class=\"pretty_image\" data-rel=\"prettyPhoto[2505]\"><img loading=\"lazy\" decoding=\"async\" class=\"alignnone wp-image-4224\" src=\"https:\/\/www.la-bastidie.fr\/wp-content\/uploads\/2016\/08\/La-Bastidie-salle-de-bain-Chambre-DAd\u00e9le-001-300x200.jpg\" alt=\"La Bastidie-salle de bain Chambre D'Ad\u00e9le-001\" width=\"215\" height=\"143\" srcset=\"https:\/\/www.la-bastidie.fr\/wp-content\/uploads\/2016\/08\/La-Bastidie-salle-de-bain-Chambre-DAd\u00e9le-001-300x200.jpg 300w, https:\/\/www.la-bastidie.fr\/wp-content\/uploads\/2016\/08\/La-Bastidie-salle-de-bain-Chambre-DAd\u00e9le-001-768x513.jpg 768w, https:\/\/www.la-bastidie.fr\/wp-content\/uploads\/2016\/08\/La-Bastidie-salle-de-bain-Chambre-DAd\u00e9le-001.jpg 800w\" sizes=\"auto, (max-width: 215px) 100vw, 215px\" \/><\/a><\/p>\n<p style=\"text-align: justify;\"><em><strong>Ad\u00e8le&#8217;s room is located in the oldest section of the house and has an independent entrance.<\/strong><\/em><\/p>\n<p><em><strong>It is equipped with a 160 x 200 bed, a flat screen satellite TV, a desk, telephone, free Wifi, and a private bathroom with a large Italian shower, hair dryer and bathrobe. It is air conditioned.<\/strong><\/em><\/p>\n<h2 style=\"text-align: center;\"><span style=\"color: #ff0000;\"><span class=\"moretext\">Book this room<\/span><\/span><\/h2>\n<p>&nbsp;<\/p>\n<div id=\"ConstellationWidgetContainer20dcca56-0466-45ad-bc6d-b3b9441a1614\" style=\"width:100%\" title=\"La bastidie\" data-id-projet='20dcca56046645adbc6db3b9441a1614'>Loading&#8230;<\/div>\n<p> <script type=\"text\/javascript\" src=\"https:\/\/reservation.elloha.com\/Scripts\/widget-loader.min.js?v=35\"><\/script> <script type=\"text\/javascript\">var constellationWidgetUrl20dcca56046645adbc6db3b9441a1614, constellationTypeModule20dcca56046645adbc6db3b9441a1614; constellationWidgetUrl20dcca56046645adbc6db3b9441a1614 = 'https:\/\/reservation.elloha.com\/Widget\/BookingEngine\/20dcca56-0466-45ad-bc6d-b3b9441a1614?idoi=354a9831-bb42-4544-8c6f-cc0eea898680&culture=en-GB'; constellationTypeModule20dcca56046645adbc6db3b9441a1614=1; constellationWidgetLoad('ConstellationWidgetContainer20dcca56-0466-45ad-bc6d-b3b9441a1614'); constellationWidgetAddEvent(window, \"resize\", function () { constellationWidgetSetAppearance('ConstellationWidgetContainer20dcca56-0466-45ad-bc6d-b3b9441a1614'); });<\/script><\/p>\n<p><span style=\"color: #0000ff;\"><em><strong>Das G\u00e4stezimmer &#8220;Ad\u00e8le&#8221; liegt im \u00e4ltesten Teil des Hauses. Es hat einen eigenen, unabh\u00e4ngigen Eingang.<\/strong><\/em><\/span><\/p>\n<p><span style=\"color: #0000ff;\"><em><strong>Ausstattung: ein 160 x 200 m gro\u00dfes Bett, Satellit Fernsehen, flacher Bildschirm,, Schreibtisch, Telefon, kostenloses WIFI, eigenes Badezimmer mit gro\u00dfer italienischer Dusche, F\u00f6n, Bademantel. Klimaanlage.<\/strong><\/em><\/span><\/p>\n<div id=\"ConstellationWidgetContainer2eb3ff4b-f101-404a-a96e-9737674fd14f\" style=\"width:100%\" title=\"La bastidie\" data-id-projet='2eb3ff4bf101404aa96e9737674fd14f'>Laden&#8230;<\/div>\n<p> <script type=\"text\/javascript\" src=\"https:\/\/reservation.elloha.com\/Scripts\/widget-loader.min.js?v=35\"><\/script> <script type=\"text\/javascript\">var constellationWidgetUrl2eb3ff4bf101404aa96e9737674fd14f, constellationTypeModule2eb3ff4bf101404aa96e9737674fd14f; constellationWidgetUrl2eb3ff4bf101404aa96e9737674fd14f = 'https:\/\/reservation.elloha.com\/Widget\/BookingEngine\/2eb3ff4b-f101-404a-a96e-9737674fd14f?idoi=354a9831-bb42-4544-8c6f-cc0eea898680&culture=de-DE'; constellationTypeModule2eb3ff4bf101404aa96e9737674fd14f=1; constellationWidgetLoad('ConstellationWidgetContainer2eb3ff4b-f101-404a-a96e-9737674fd14f'); constellationWidgetAddEvent(window, \"resize\", function () { constellationWidgetSetAppearance('ConstellationWidgetContainer2eb3ff4b-f101-404a-a96e-9737674fd14f'); });<\/script><\/p>","protected":false},"excerpt":{"rendered":"<p>\u00a0\u00a0 Ad\u00e8le&#8217;s room is located in the oldest section of the house and has an independent entrance. It is equipped with a 160 x 200 bed, a flat screen satellite&#8230;<\/p>\n","protected":false},"author":1,"featured_media":0,"parent":2467,"menu_order":0,"comment_status":"closed","ping_status":"closed","template":"","meta":{"footnotes":""},"class_list":["post-2505","page","type-page","status-publish","hentry"],"yoast_head":"<!-- This site is optimized with the Yoast SEO plugin v27.4 - https:\/\/yoast.com\/product\/yoast-seo-wordpress\/ -->\n<title>Ad\u00e8le&#039;s Room - G\u00e4stezimmer &quot;Ad\u00e8le&quot; - H\u00f4tel Restaurant - La bastidie<\/title>\n<meta name=\"robots\" content=\"index, follow, max-snippet:-1, max-image-preview:large, max-video-preview:-1\" \/>\n<link rel=\"canonical\" href=\"https:\/\/www.la-bastidie.fr\/en\/notre-hotel\/surnom-de-la-chambre-1\/\" \/>\n<meta property=\"og:locale\" content=\"en_US\" \/>\n<meta property=\"og:type\" content=\"article\" \/>\n<meta property=\"og:title\" content=\"Ad\u00e8le&#039;s Room - G\u00e4stezimmer &quot;Ad\u00e8le&quot; - H\u00f4tel Restaurant - La bastidie\" \/>\n<meta property=\"og:description\" content=\"\u00a0\u00a0 Ad\u00e8le&#8217;s room is located in the oldest section of the house and has an independent entrance. It is equipped with a 160 x 200 bed, a flat screen satellite...\" \/>\n<meta property=\"og:url\" content=\"https:\/\/www.la-bastidie.fr\/en\/notre-hotel\/surnom-de-la-chambre-1\/\" \/>\n<meta property=\"og:site_name\" content=\"H\u00f4tel Restaurant - La bastidie\" \/>\n<meta property=\"article:modified_time\" content=\"2018-03-06T21:08:52+00:00\" \/>\n<meta property=\"og:image\" content=\"https:\/\/www.la-bastidie.fr\/wp-content\/uploads\/2014\/08\/P1090965.jpg\" \/>\n<meta name=\"twitter:card\" content=\"summary_large_image\" \/>\n<meta name=\"twitter:label1\" content=\"Est. reading time\" \/>\n\t<meta name=\"twitter:data1\" content=\"1 minute\" \/>\n<script type=\"application\/ld+json\" class=\"yoast-schema-graph\">{\"@context\":\"https:\\\/\\\/schema.org\",\"@graph\":[{\"@type\":\"WebPage\",\"@id\":\"https:\\\/\\\/www.la-bastidie.fr\\\/en\\\/notre-hotel\\\/surnom-de-la-chambre-1\\\/\",\"url\":\"https:\\\/\\\/www.la-bastidie.fr\\\/en\\\/notre-hotel\\\/surnom-de-la-chambre-1\\\/\",\"name\":\"Ad\u00e8le's Room - G\u00e4stezimmer \\\"Ad\u00e8le\\\" - H\u00f4tel Restaurant - La bastidie\",\"isPartOf\":{\"@id\":\"https:\\\/\\\/www.la-bastidie.fr\\\/en\\\/#website\"},\"primaryImageOfPage\":{\"@id\":\"https:\\\/\\\/www.la-bastidie.fr\\\/en\\\/notre-hotel\\\/surnom-de-la-chambre-1\\\/#primaryimage\"},\"image\":{\"@id\":\"https:\\\/\\\/www.la-bastidie.fr\\\/notre-hotel\\\/surnom-de-la-chambre-1\\\/#primaryimage\"},\"thumbnailUrl\":\"https:\\\/\\\/www.la-bastidie.fr\\\/wp-content\\\/uploads\\\/2014\\\/08\\\/P1090965.jpg\",\"datePublished\":\"2014-06-01T20:26:28+00:00\",\"dateModified\":\"2018-03-06T21:08:52+00:00\",\"breadcrumb\":{\"@id\":\"https:\\\/\\\/www.la-bastidie.fr\\\/en\\\/notre-hotel\\\/surnom-de-la-chambre-1\\\/#breadcrumb\"},\"inLanguage\":\"en-US\",\"potentialAction\":[{\"@type\":\"ReadAction\",\"target\":[[\"https:\\\/\\\/www.la-bastidie.fr\\\/en\\\/notre-hotel\\\/surnom-de-la-chambre-1\\\/\"]]}]},{\"@type\":\"ImageObject\",\"inLanguage\":\"en-US\",\"@id\":\"https:\\\/\\\/www.la-bastidie.fr\\\/en\\\/notre-hotel\\\/surnom-de-la-chambre-1\\\/#primaryimage\",\"url\":\"https:\\\/\\\/www.la-bastidie.fr\\\/wp-content\\\/uploads\\\/2014\\\/08\\\/P1090965.jpg\",\"contentUrl\":\"https:\\\/\\\/www.la-bastidie.fr\\\/wp-content\\\/uploads\\\/2014\\\/08\\\/P1090965.jpg\"},{\"@type\":\"BreadcrumbList\",\"@id\":\"https:\\\/\\\/www.la-bastidie.fr\\\/en\\\/notre-hotel\\\/surnom-de-la-chambre-1\\\/#breadcrumb\",\"itemListElement\":[{\"@type\":\"ListItem\",\"position\":1,\"name\":\"Accueil\",\"item\":\"https:\\\/\\\/www.la-bastidie.fr\\\/en\\\/\"},{\"@type\":\"ListItem\",\"position\":2,\"name\":\"Nos Chambres\",\"item\":\"https:\\\/\\\/www.la-bastidie.fr\\\/en\\\/notre-hotel\\\/\"},{\"@type\":\"ListItem\",\"position\":3,\"name\":\"Chambre d&rsquo;Ad\u00e8le\"}]},{\"@type\":\"WebSite\",\"@id\":\"https:\\\/\\\/www.la-bastidie.fr\\\/en\\\/#website\",\"url\":\"https:\\\/\\\/www.la-bastidie.fr\\\/en\\\/\",\"name\":\"H\u00f4tel Restaurant - La bastidie\",\"description\":\"\",\"potentialAction\":[{\"@type\":\"SearchAction\",\"target\":{\"@type\":\"EntryPoint\",\"urlTemplate\":\"https:\\\/\\\/www.la-bastidie.fr\\\/en\\\/?s={search_term_string}\"},\"query-input\":{\"@type\":\"PropertyValueSpecification\",\"valueRequired\":true,\"valueName\":\"search_term_string\"}}],\"inLanguage\":\"en-US\"}]}<\/script>\n<!-- \/ Yoast SEO plugin. -->","yoast_head_json":{"title":"Ad\u00e8le's Room - G\u00e4stezimmer \"Ad\u00e8le\" - H\u00f4tel Restaurant - La bastidie","robots":{"index":"index","follow":"follow","max-snippet":"max-snippet:-1","max-image-preview":"max-image-preview:large","max-video-preview":"max-video-preview:-1"},"canonical":"https:\/\/www.la-bastidie.fr\/en\/notre-hotel\/surnom-de-la-chambre-1\/","og_locale":"en_US","og_type":"article","og_title":"Ad\u00e8le's Room - G\u00e4stezimmer \"Ad\u00e8le\" - H\u00f4tel Restaurant - La bastidie","og_description":"\u00a0\u00a0 Ad\u00e8le&#8217;s room is located in the oldest section of the house and has an independent entrance. It is equipped with a 160 x 200 bed, a flat screen satellite...","og_url":"https:\/\/www.la-bastidie.fr\/en\/notre-hotel\/surnom-de-la-chambre-1\/","og_site_name":"H\u00f4tel Restaurant - La bastidie","article_modified_time":"2018-03-06T21:08:52+00:00","og_image":[{"url":"https:\/\/www.la-bastidie.fr\/wp-content\/uploads\/2014\/08\/P1090965.jpg","type":"","width":"","height":""}],"twitter_card":"summary_large_image","twitter_misc":{"Est. reading time":"1 minute"},"schema":{"@context":"https:\/\/schema.org","@graph":[{"@type":"WebPage","@id":"https:\/\/www.la-bastidie.fr\/en\/notre-hotel\/surnom-de-la-chambre-1\/","url":"https:\/\/www.la-bastidie.fr\/en\/notre-hotel\/surnom-de-la-chambre-1\/","name":"Ad\u00e8le's Room - G\u00e4stezimmer \"Ad\u00e8le\" - H\u00f4tel Restaurant - La bastidie","isPartOf":{"@id":"https:\/\/www.la-bastidie.fr\/en\/#website"},"primaryImageOfPage":{"@id":"https:\/\/www.la-bastidie.fr\/en\/notre-hotel\/surnom-de-la-chambre-1\/#primaryimage"},"image":{"@id":"https:\/\/www.la-bastidie.fr\/notre-hotel\/surnom-de-la-chambre-1\/#primaryimage"},"thumbnailUrl":"https:\/\/www.la-bastidie.fr\/wp-content\/uploads\/2014\/08\/P1090965.jpg","datePublished":"2014-06-01T20:26:28+00:00","dateModified":"2018-03-06T21:08:52+00:00","breadcrumb":{"@id":"https:\/\/www.la-bastidie.fr\/en\/notre-hotel\/surnom-de-la-chambre-1\/#breadcrumb"},"inLanguage":"en-US","potentialAction":[{"@type":"ReadAction","target":[["https:\/\/www.la-bastidie.fr\/en\/notre-hotel\/surnom-de-la-chambre-1\/"]]}]},{"@type":"ImageObject","inLanguage":"en-US","@id":"https:\/\/www.la-bastidie.fr\/en\/notre-hotel\/surnom-de-la-chambre-1\/#primaryimage","url":"https:\/\/www.la-bastidie.fr\/wp-content\/uploads\/2014\/08\/P1090965.jpg","contentUrl":"https:\/\/www.la-bastidie.fr\/wp-content\/uploads\/2014\/08\/P1090965.jpg"},{"@type":"BreadcrumbList","@id":"https:\/\/www.la-bastidie.fr\/en\/notre-hotel\/surnom-de-la-chambre-1\/#breadcrumb","itemListElement":[{"@type":"ListItem","position":1,"name":"Accueil","item":"https:\/\/www.la-bastidie.fr\/en\/"},{"@type":"ListItem","position":2,"name":"Nos Chambres","item":"https:\/\/www.la-bastidie.fr\/en\/notre-hotel\/"},{"@type":"ListItem","position":3,"name":"Chambre d&rsquo;Ad\u00e8le"}]},{"@type":"WebSite","@id":"https:\/\/www.la-bastidie.fr\/en\/#website","url":"https:\/\/www.la-bastidie.fr\/en\/","name":"H\u00f4tel Restaurant - La bastidie","description":"","potentialAction":[{"@type":"SearchAction","target":{"@type":"EntryPoint","urlTemplate":"https:\/\/www.la-bastidie.fr\/en\/?s={search_term_string}"},"query-input":{"@type":"PropertyValueSpecification","valueRequired":true,"valueName":"search_term_string"}}],"inLanguage":"en-US"}]}},"_links":{"self":[{"href":"https:\/\/www.la-bastidie.fr\/en\/wp-json\/wp\/v2\/pages\/2505","targetHints":{"allow":["GET"]}}],"collection":[{"href":"https:\/\/www.la-bastidie.fr\/en\/wp-json\/wp\/v2\/pages"}],"about":[{"href":"https:\/\/www.la-bastidie.fr\/en\/wp-json\/wp\/v2\/types\/page"}],"author":[{"embeddable":true,"href":"https:\/\/www.la-bastidie.fr\/en\/wp-json\/wp\/v2\/users\/1"}],"replies":[{"embeddable":true,"href":"https:\/\/www.la-bastidie.fr\/en\/wp-json\/wp\/v2\/comments?post=2505"}],"version-history":[{"count":0,"href":"https:\/\/www.la-bastidie.fr\/en\/wp-json\/wp\/v2\/pages\/2505\/revisions"}],"up":[{"embeddable":true,"href":"https:\/\/www.la-bastidie.fr\/en\/wp-json\/wp\/v2\/pages\/2467"}],"wp:attachment":[{"href":"https:\/\/www.la-bastidie.fr\/en\/wp-json\/wp\/v2\/media?parent=2505"}],"curies":[{"name":"wp","href":"https:\/\/api.w.org\/{rel}","templated":true}]}}